{"id":4974,"date":"2023-01-27T11:04:40","date_gmt":"2023-01-27T09:04:40","guid":{"rendered":"https:\/\/www.loft.gr\/about\/"},"modified":"2023-02-20T15:52:54","modified_gmt":"2023-02-20T13:52:54","slug":"about","status":"publish","type":"page","link":"https:\/\/www.loft.gr\/de\/about\/","title":{"rendered":"\u00dcBER UNS"},"content":{"rendered":"<p>Das Unternehmen LOFT ist f\u00fchrend im Bauwesen und steht f\u00fcr die Umsetzung von Luxusprojekten in ganz Europa.<\/p>\n<p>Seit 1994 ist es auch im Bereich der Dekoration von beruflichen und privaten R\u00e4umen t\u00e4tig. Gleichzeitig betreibt es seit 2000 einen Showroom mit M\u00f6beln und Haushaltsartikeln in Zusammenarbeit mit gro\u00dfen Marken auf dem griechischen und europ\u00e4ischen Markt.<\/p>\n","protected":false},"excerpt":{"rendered":"<p>Das Unternehmen LOFT ist f\u00fchrend im Bauwesen und steht f\u00fcr die Umsetzung von Luxusprojekten in ganz Europa. Seit 1994 ist es auch im Bereich der Dekoration von beruflichen und privaten R\u00e4umen t\u00e4tig. Gleichzeitig betreibt es seit 2000 einen Showroom mit M\u00f6beln und Haushaltsartikeln in Zusammenarbeit mit gro\u00dfen Marken auf dem griechischen und europ\u00e4ischen Markt.<\/p>\n","protected":false},"author":1,"featured_media":1775,"parent":0,"menu_order":0,"comment_status":"closed","ping_status":"closed","template":"page-about.php","meta":{"footnotes":""},"class_list":["post-4974","page","type-page","status-publish","has-post-thumbnail","hentry"],"_links":{"self":[{"href":"https:\/\/www.loft.gr\/de\/wp-json\/wp\/v2\/pages\/4974","targetHints":{"allow":["GET"]}}],"collection":[{"href":"https:\/\/www.loft.gr\/de\/wp-json\/wp\/v2\/pages"}],"about":[{"href":"https:\/\/www.loft.gr\/de\/wp-json\/wp\/v2\/types\/page"}],"author":[{"embeddable":true,"href":"https:\/\/www.loft.gr\/de\/wp-json\/wp\/v2\/users\/1"}],"replies":[{"embeddable":true,"href":"https:\/\/www.loft.gr\/de\/wp-json\/wp\/v2\/comments?post=4974"}],"version-history":[{"count":2,"href":"https:\/\/www.loft.gr\/de\/wp-json\/wp\/v2\/pages\/4974\/revisions"}],"predecessor-version":[{"id":6214,"href":"https:\/\/www.loft.gr\/de\/wp-json\/wp\/v2\/pages\/4974\/revisions\/6214"}],"wp:featuredmedia":[{"embeddable":true,"href":"https:\/\/www.loft.gr\/de\/wp-json\/wp\/v2\/media\/1775"}],"wp:attachment":[{"href":"https:\/\/www.loft.gr\/de\/wp-json\/wp\/v2\/media?parent=4974"}],"curies":[{"name":"wp","href":"https:\/\/api.w.org\/{rel}","templated":true}]}}