{"id":4978,"date":"2023-01-27T11:00:32","date_gmt":"2023-01-27T09:00:32","guid":{"rendered":"https:\/\/www.loft.gr\/home\/"},"modified":"2023-02-20T15:56:35","modified_gmt":"2023-02-20T13:56:35","slug":"home","status":"publish","type":"page","link":"https:\/\/www.loft.gr\/de\/","title":{"rendered":"HOME"},"content":{"rendered":"<p>LOFT ist ein f\u00fchrendes Unternehmen f\u00fcr die Entwicklung von Immobilien, das als Synonym f\u00fcr luxuri\u00f6se und bodenst\u00e4ndige Projekte in ganz Europa steht.<\/p>\n","protected":false},"excerpt":{"rendered":"<p>LOFT ist ein f\u00fchrendes Unternehmen f\u00fcr die Entwicklung von Immobilien, das als Synonym f\u00fcr luxuri\u00f6se und bodenst\u00e4ndige Projekte in ganz Europa steht.<\/p>\n","protected":false},"author":1,"featured_media":0,"parent":0,"menu_order":0,"comment_status":"closed","ping_status":"closed","template":"page-home.php","meta":{"footnotes":""},"class_list":["post-4978","page","type-page","status-publish","hentry"],"_links":{"self":[{"href":"https:\/\/www.loft.gr\/de\/wp-json\/wp\/v2\/pages\/4978","targetHints":{"allow":["GET"]}}],"collection":[{"href":"https:\/\/www.loft.gr\/de\/wp-json\/wp\/v2\/pages"}],"about":[{"href":"https:\/\/www.loft.gr\/de\/wp-json\/wp\/v2\/types\/page"}],"author":[{"embeddable":true,"href":"https:\/\/www.loft.gr\/de\/wp-json\/wp\/v2\/users\/1"}],"replies":[{"embeddable":true,"href":"https:\/\/www.loft.gr\/de\/wp-json\/wp\/v2\/comments?post=4978"}],"version-history":[{"count":2,"href":"https:\/\/www.loft.gr\/de\/wp-json\/wp\/v2\/pages\/4978\/revisions"}],"predecessor-version":[{"id":6215,"href":"https:\/\/www.loft.gr\/de\/wp-json\/wp\/v2\/pages\/4978\/revisions\/6215"}],"wp:attachment":[{"href":"https:\/\/www.loft.gr\/de\/wp-json\/wp\/v2\/media?parent=4978"}],"curies":[{"name":"wp","href":"https:\/\/api.w.org\/{rel}","templated":true}]}}